{"id":457,"date":"2018-10-25T17:29:33","date_gmt":"2018-10-25T15:29:33","guid":{"rendered":"https:\/\/marketing-by-outsourcing.de\/impressum\/"},"modified":"2020-06-15T13:10:11","modified_gmt":"2020-06-15T11:10:11","slug":"imprint","status":"publish","type":"page","link":"https:\/\/marketing-by-outsourcing.de\/en\/imprint\/","title":{"rendered":"Imprint"},"content":{"rendered":"\n<style type=\"text\/css\" data-created_by=\"avia_inline_auto\" id=\"style-css-av-xb0u-44dad4c50496c41ce414d979d2584c2b\">\n.flex_column.av-xb0u-44dad4c50496c41ce414d979d2584c2b{\nborder-radius:0px 0px 0px 0px;\npadding:0px 0px 0px 0px;\n}\n<\/style>\n<div  class='flex_column av-xb0u-44dad4c50496c41ce414d979d2584c2b av_one_full  avia-builder-el-0  avia-builder-el-no-sibling  first flex_column_div av-zero-column-padding  '     ><section  class='av_textblock_section av-ju9lodqb-fa03f0f1f1cea5b2d3646f9648782cbc '   itemscope=\"itemscope\" itemtype=\"https:\/\/schema.org\/CreativeWork\" ><div class='avia_textblock'  itemprop=\"text\" ><h1>Impressum<\/h1>\n<p>Anschrift:<br \/>\nmarketing-by-outsourcing.de UG (haftungsbeschr\u00e4nkt)<br \/>\nOberdorfstr. 29a<br \/>\n86685 Huisheim<\/p>\n<p>vertreten durch den Gesch\u00e4ftsf\u00fchrerin:<\/p>\n<p>Severine Fackler<\/p>\n<p>Telefon: 09080\/6569905<\/p>\n<p>email: anfrage(\u00e4t)marketing-by-outsourcing.de<br \/>\n<a href=\"https:\/\/marketing-by-outsourcing.de\/datenschutzerklaerung\/\">Datenschutzerkl\u00e4rung &amp; Haftungsausschluss \/ Disclaimer<\/a><\/p>\n<p>web: www.marketing-by-outsourcing.de<\/p>\n<p>Gesellschaftsform:<br \/>\nUnternehmergesellschaft (haftungsbeschr\u00e4nkt)<\/p>\n<p>Eingetragen im<br \/>\nAmtsgericht Augsburg<br \/>\nHRB 25220<\/p>\n<p>Umsatzsteuer-Identifikationsnummer gem. \u00a7 27 Umsatzsteuergesetz<br \/>\nDE 271431158<\/p>\n<p>Ggf. Inhaltlich Verantwortlicher gem. \u00a7 55 II RStV:<br \/>\nSeverine Fackler<\/p>\n<p>Bildnachweise:<br \/>\n\u00a9 Nr.23657961 \u2013 Schafe,mirpic\/Fotolia.com<br \/>\n\u00a9 Nr.41614466 \u2013 Bewerber \u00fcberreicht Unterlagen, Robert Kneschke\/Fotolia.com<br \/>\n\u00a9 Nr.43516562 \u2013 gesch\u00e4ftsmann zeigt freundlich auf seine Mitarbeiterin, Picture-Factory\/Fotolia.com<br \/>\n\u00a9 Nr.41626368 \u2013 Webdesign, Templates, Werbung, Pr\u00e4sentation, Design, Auswahl, senoldo \/Fotolia.com<br \/>\n\u00a9 Nr.41257305 \u2013 white blank open box isolated over white background, lznogood\/Fotolia.com<br \/>\n\u00a9 Nr.20567878 \u2013 Real estate agent consulting a mature couple at office, Yuri Arcurs\/\/Fotolia.com<br \/>\n\u00a9 Nr.33218028 \u2013 Automated data processing, Cybrain\/Fotolia.com<br \/>\n\u00a9 Nr.43086487 \u2013 E-mail and internet messaging concept, Scanrail\/Fotolia.com<br \/>\n\u00a9 Nr.42503779 \u2013 Market analysis, pressmaster\/Fotolia.com<br \/>\n\u00a9 Nr.42497671 \u2013 Blue frog, julien tromeur\/Fotolia.com<br \/>\n\u00a9 Nr.39806988 \u2013 gemeinsam diskutieren, Picture-Factory\/Fotolia.com<br \/>\n\u00a9 Nr.38518077 \u2013 Zeitungen und Magazine, johannesspreter\/Fotolia.com<br \/>\n\u00a9 Nr.36309850 \u2013 Online Shop, fotokalle\/Fotolia.com<br \/>\n\u00a9 Nr.35871665 \u2013 Filter, Gerhard Wanzenb\u00f6ck\/Fotolia.com<br \/>\n\u00a9 Nr.34429542 \u2013 Laptop on isolated white, nattstudio\/Fotolia.com<br \/>\n\u00a9 Nr.33300379 \u2013 3dglobal Cloud computing concept, dny3d\/Fotolia.com<br \/>\n\u00a9 Nr.31104059 \u2013 zeitschriften im regal, contrastwerkstatt\/Fotolia.com<br \/>\n\u00a9 Nr.30967935 \u2013 New Business, Antonio Gravante\/Fotolia.com<br \/>\n\u00a9 Nr.30318054 \u2013 Stationery print templates. Business communication., Albachiaraa\/Fotolia.com<br \/>\n\u00a9 Nr.6820442 \u2013 Marketing business sales, Robert Mizerek\/Fotolia.com<br \/>\n\u00a9 82551120 \u2013 Gesch\u00e4ftsmann am Computer unter Zeitdruck, Robert Kneschke\/Fotolia.com<br \/>\n\u00a9 38866899 \u2013 Handschrift \u2013 Qualit\u00e4t Kosten Erfolg, JiSign\/Fotolia.com<br \/>\n\u00a9 84162120 \u2013 Programmierer oder Blogger am Computer ,Robert Kneschke\/Fotolia.com<\/p>\n<p>Haftungshinweis<br \/>\nTrotz sorgf\u00e4ltiger inhaltlicher Kontrolle \u00fcbernehmen wir keine Haftung f\u00fcr die Inhalte externer Links. F\u00fcr den Inhalt der verlinkten Seiten sind ausschlie\u00dflich deren Betreiber verantwortlich.<\/p>\n<p>Streitschlichtung<br \/>\nDie Europ\u00e4ische Kommission stellt eine Plattform zur Online-Streitbeilegung (OS) bereit: https:\/\/ec.europa.eu\/consumers\/odr. Unsere E-Mail-Adresse finden Sie oben im Impressum.Wir nehmen an einem Streitbeilegungsverfahren vor einer Verbraucherschlichtungsstelle teil. Die zust\u00e4ndige Verbraucherschlichtungsstelle ist:Allgemeine Verbraucherschlichtungsstelle<br \/>\nStra\u00dfburger Stra\u00dfe 8<br \/>\n77694 Kehl am Rhein<br \/>\nTel.: 07851\/7957940<\/p>\n<p>http:\/\/www.verbraucher-schlichter.de<\/p>\n<p>Quelle: Impressum-Generator von anwalt.de<\/p>\n<p>Urheberrecht<br \/>\nDie durch die Seitenbetreiber erstellten Inhalte und Werke auf diesen Seiten unterliegen dem deutschen Urheberrecht. Die Vervielf\u00e4ltigung, Bearbeitung, Verbreitung und jede Art der Verwertung au\u00dferhalb der Grenzen des Urheberrechtes bed\u00fcrfen der schriftlichen Zustimmung des jeweiligen Autors bzw. Erstellers. Downloads und Kopien dieser Seite sind nur f\u00fcr den privaten, nicht kommerziellen Gebrauch gestattet. Soweit die Inhalte auf dieser Seite nicht vom Betreiber erstellt wurden, werden die Urheberrechte Dritter beachtet. Insbesondere werden Inhalte Dritter als solche gekennzeichnet. Sollten Sie trotzdem auf eine Urheberrechtsverletzung aufmerksam werden, bitten wir um einen entsprechenden Hinweis. Bei Bekanntwerden von Rechtsverletzungen werden wir derartige Inhalte umgehend entfernen.<br \/>\nQuelle: eRecht24.de \u2013 Rechtsberatung von Anwalt S\u00f6ren Siebert<\/p>\n<\/div><\/section><\/div>\n","protected":false},"excerpt":{"rendered":"","protected":false},"author":1,"featured_media":0,"parent":0,"menu_order":99,"comment_status":"closed","ping_status":"closed","template":"","meta":{"footnotes":""},"class_list":["post-457","page","type-page","status-publish","hentry"],"_links":{"self":[{"href":"https:\/\/marketing-by-outsourcing.de\/en\/wp-json\/wp\/v2\/pages\/457","targetHints":{"allow":["GET"]}}],"collection":[{"href":"https:\/\/marketing-by-outsourcing.de\/en\/wp-json\/wp\/v2\/pages"}],"about":[{"href":"https:\/\/marketing-by-outsourcing.de\/en\/wp-json\/wp\/v2\/types\/page"}],"author":[{"embeddable":true,"href":"https:\/\/marketing-by-outsourcing.de\/en\/wp-json\/wp\/v2\/users\/1"}],"replies":[{"embeddable":true,"href":"https:\/\/marketing-by-outsourcing.de\/en\/wp-json\/wp\/v2\/comments?post=457"}],"version-history":[{"count":2,"href":"https:\/\/marketing-by-outsourcing.de\/en\/wp-json\/wp\/v2\/pages\/457\/revisions"}],"predecessor-version":[{"id":527,"href":"https:\/\/marketing-by-outsourcing.de\/en\/wp-json\/wp\/v2\/pages\/457\/revisions\/527"}],"wp:attachment":[{"href":"https:\/\/marketing-by-outsourcing.de\/en\/wp-json\/wp\/v2\/media?parent=457"}],"curies":[{"name":"wp","href":"https:\/\/api.w.org\/{rel}","templated":true}]}}